{"id":8801,"date":"2025-03-05T11:26:20","date_gmt":"2025-03-05T16:26:20","guid":{"rendered":"https:\/\/inspirecentre.ca\/premier-rendez-vous\/"},"modified":"2025-04-23T16:29:30","modified_gmt":"2025-04-23T20:29:30","slug":"premier-rendez-vous","status":"publish","type":"page","link":"https:\/\/inspirecentre.ca\/fr\/ressources-familiales\/premier-rendez-vous\/","title":{"rendered":"Premier rendez-vous"},"content":{"rendered":"<p><div class=\"fusion-fullwidth fullwidth-box fusion-builder-row-1 fusion-flex-container has-pattern-background has-mask-background nonhundred-percent-fullwidth non-hundred-percent-height-scrolling\" style=\"--awb-border-sizes-top:0px;--awb-border-sizes-bottom:0px;--awb-border-sizes-left:0px;--awb-border-sizes-right:0px;--awb-border-radius-top-left:0px;--awb-border-radius-top-right:0px;--awb-border-radius-bottom-right:0px;--awb-border-radius-bottom-left:0px;--awb-padding-top:30px;--awb-padding-right:30px;--awb-padding-bottom:80px;--awb-padding-left:30px;--awb-padding-top-medium:0px;--awb-padding-right-small:60px;--awb-padding-left-small:60px;--awb-margin-top:0px;--awb-margin-bottom:0px;--awb-background-color:#ffffff;--awb-flex-wrap:wrap;\" ><div class=\"fusion-builder-row fusion-row fusion-flex-align-items-center fusion-flex-content-wrap\" style=\"max-width:1435.2px;margin-left: calc(-4% \/ 2 );margin-right: calc(-4% \/ 2 );\"><div class=\"fusion-layout-column fusion_builder_column fusion-builder-column-0 fusion_builder_column_1_1 1_1 fusion-flex-column\" style=\"--awb-bg-size:cover;--awb-width-large:100%;--awb-margin-top-large:0px;--awb-spacing-right-large:0px;--awb-margin-bottom-large:20px;--awb-spacing-left-large:0px;--awb-width-medium:100%;--awb-order-medium:0;--awb-spacing-right-medium:0px;--awb-spacing-left-medium:0px;--awb-width-small:100%;--awb-order-small:0;--awb-spacing-right-small:1.92%;--awb-spacing-left-small:1.92%;\" data-scroll-devices=\"small-visibility,medium-visibility,large-visibility\"><div class=\"fusion-column-wrapper fusion-column-has-shadow fusion-flex-justify-content-flex-start fusion-content-layout-column\"><div class=\"accordian fusion-accordian\" style=\"--awb-padding-top:15px;--awb-padding-bottom:15px;--awb-border-size:1px;--awb-icon-size:18px;--awb-content-font-size:19px;--awb-icon-alignment:left;--awb-hover-color:var(--awb-color2);--awb-border-color:var(--awb-color3);--awb-background-color:var(--awb-color2);--awb-divider-color:var(--awb-color3);--awb-divider-hover-color:var(--awb-color3);--awb-icon-color:var(--awb-color1);--awb-title-color:var(--awb-color7);--awb-content-color:var(--awb-color7);--awb-icon-box-color:var(--awb-color6);--awb-toggle-hover-accent-color:var(--awb-color4);--awb-title-font-family:&quot;Jost&quot;;--awb-title-font-weight:600;--awb-title-font-style:normal;--awb-content-font-family:&quot;Roboto&quot;;--awb-content-font-style:normal;--awb-content-font-weight:400;\"><div class=\"panel-group fusion-toggle-icon-boxed\" id=\"accordion-8801-1\"><div class=\"fusion-panel panel-default panel-0c3af0e8320663094 fusion-toggle-no-divider fusion-toggle-boxed-mode\" style=\"--awb-title-color:var(--awb-color7);--awb-content-color:var(--awb-color7);\"><div class=\"panel-heading\"><h2 class=\"panel-title toggle\" id=\"toggle_0c3af0e8320663094\"><a class=\"active\" aria-expanded=\"true\" aria-controls=\"0c3af0e8320663094\" role=\"button\" data-toggle=\"collapse\" data-target=\"#0c3af0e8320663094\" href=\"#0c3af0e8320663094\"><span class=\"fusion-toggle-icon-wrapper\" aria-hidden=\"true\"><i class=\"fa-fusion-box active-icon awb-icon-minus\" aria-hidden=\"true\"><\/i><i class=\"fa-fusion-box inactive-icon awb-icon-plus\" aria-hidden=\"true\"><\/i><\/span><span class=\"fusion-toggle-heading\">Premier rendez-vous<\/span><\/a><\/h2><\/div><div id=\"0c3af0e8320663094\" class=\"panel-collapse collapse in\" aria-labelledby=\"toggle_0c3af0e8320663094\"><div class=\"panel-body toggle-content fusion-clearfix\">\n<div class=\"elementor-column elementor-col-50 elementor-inner-column elementor-element elementor-element-2daa310\" data-id=\"2daa310\" data-element_type=\"column\">\n<h3>\u00c0 quoi s&rsquo;attendre :<\/h3>\n<p>\u00c0 l&rsquo;approche du premier rendez-vous de votre enfant au Centre Inspire, vous pouvez commencer \u00e0 ressentir un peu de nervosit\u00e9 quant \u00e0 ce qui se passera pendant l&rsquo;\u00e9valuation et ce que vous devriez demander ou discuter avec les th\u00e9rapeutes. <\/p>\n<p><strong>Votre premier rendez-vous est une occasion pour vous :<\/strong><\/p>\n<ul>\n<li>De rencontrer le(s) th\u00e9rapeute(s) qui seront impliqu\u00e9s avec votre enfant.<\/li>\n<li>Pour vos th\u00e9rapeutes de faire une \u00e9valuation pr\u00e9liminaire des forces et des besoins de votre enfant.<\/li>\n<\/ul>\n<p><strong>Vous serez encourag\u00e9 et accueilli \u00e0 :<\/strong><\/p>\n<ul>\n<li>Poser des questions et fournir des informations concernant votre enfant.<\/li>\n<li>Vous pouvez \u00e9galement souhaiter inviter d&rsquo;autres membres de la famille, des soignants ou des professionnels impliqu\u00e9s avec votre enfant \u00e0 assister \u00e0 l&rsquo;\u00e9valuation.<\/li>\n<\/ul>\n<p>\u00c0 la fin de l&rsquo;\u00e9valuation, le(s) th\u00e9rapeute(s) r\u00e9sumeront leurs conclusions et discuteront des prochaines \u00e9tapes.<\/p>\n<h3>Pour utiliser au mieux ce temps avec le(s) th\u00e9rapeute(s), voici quelques suggestions :<\/h3>\n<ul>\n<li>Notez toutes les questions ou pr\u00e9occupations que vous avez et apportez-les \u00e0 l&rsquo;\u00e9valuation.<\/li>\n<li>Apportez du papier pour noter des choses.<\/li>\n<li>Si un commentaire ou une suggestion, ou un terme utilis\u00e9 n&rsquo;est pas clair, n&rsquo;h\u00e9sitez pas \u00e0 demander des \u00e9claircissements.<\/li>\n<li>Assurez-vous de bien comprendre quelles seront les prochaines \u00e9tapes avec chacun des th\u00e9rapeutes qui pourraient \u00eatre impliqu\u00e9s (par exemple, rendez-vous de contr\u00f4le, s\u00e9ances de groupe, etc.).<\/li>\n<\/ul>\n<p>Si vous avez des pr\u00e9occupations ou des questions sur le processus d&rsquo;\u00e9valuation, veuillez les partager avec nous.<\/p>\n<h3>Les th\u00e9rapeutes du Centre Inspire utilisent diff\u00e9rentes approches en ce qui concerne les soins de votre enfant. Chaque approche est bas\u00e9e sur: <\/h3>\n<ul>\n<li>Les meilleures pratiques et les meilleures preuves disponibles quant \u00e0 ce qui est l&rsquo;approche la plus efficace pour les besoins particuliers de votre enfant.<\/li>\n<li>Les objectifs que vous avez pour votre enfant afin de l&rsquo;aider \u00e0 am\u00e9liorer son fonctionnement quotidien et sa participation.<\/li>\n<li>Les r\u00e9sultats de l&rsquo;\u00e9valuation de votre enfant.<\/li>\n<\/ul>\n<h3>Les interventions th\u00e9rapeutiques peuvent inclure :<\/h3>\n<ul>\n<li>Formation ou coaching des parents\/soignants<\/li>\n<li>Programmation \u00e0 domicile<\/li>\n<li>Sessions de groupe<\/li>\n<li>Travail individuel avec un, une ou des th\u00e9rapeute-s ou un assistant-e-s th\u00e9rapeute-s<\/li>\n<li>Consultations aupr\u00e8s des garderies, des \u00e9coles ou des agences communautaires<\/li>\n<\/ul>\n<p>Nous discuterons avec vous de l&rsquo;approche la mieux adapt\u00e9e \u00e0 votre enfant et d\u00e9velopperons un plan de th\u00e9rapie.<\/p>\n<h3>Confidentialit\u00e9 et r\u00e9seaux sociaux<\/h3>\n<p>Le Centre Inspire prend grand soin de prot\u00e9ger la confidentialit\u00e9 des clients, des visiteurs et de notre personnel.<\/p>\n<p>Si vous souhaitez photographier ou filmer votre enfant pendant qu&rsquo;il re\u00e7oit des services au Centre Inspire, nous vous demandons de discuter d&rsquo;abord de cela avec votre th\u00e9rapeute pour vous assurer que cela ne d\u00e9range pas la th\u00e9rapie et que la confidentialit\u00e9 des autres soit prot\u00e9g\u00e9e. Sauf autre consentement, les images peuvent seulement inclure votre enfant et vous\/votre famille. Vous devez \u00e9galement obtenir la permission de votre th\u00e9rapeute pour prendre des images de celle ou celui-ci.  <\/p>\n<h3>Proc\u00e9dures d&rsquo;urgence du Centre Inspire<\/h3>\n<p>Familiarisez-vous avec les proc\u00e9dures d&rsquo;urgence du Centre Inspire.<\/p>\n<p>Le Centre Inspire est tenu de pratiquer r\u00e9guli\u00e8rement les proc\u00e9dures d&rsquo;urgence.<\/p>\n<p>Nous nous excusons pour tout inconv\u00e9nient que cela pourrait causer lors de votre rendez-vous.<\/p>\n<h3>Fermetures des bureaux du Centre Inspire<\/h3>\n<p>En cas d\u2019intemp\u00e9rie, votre s\u00e9curit\u00e9 et celle de votre enfant sont importantes.<\/p>\n<p>Les fermetures sont affich\u00e9es sur les r\u00e9seaux sociaux du Centre Inspire et annonc\u00e9es sur notre syst\u00e8me t\u00e9l\u00e9phonique.<\/p>\n<p>Si le Centre Inspire est ouvert pendant des conditions m\u00e9t\u00e9orologiques d\u00e9favorables, veuillez v\u00e9rifier les conditions de voyage locales avant de vous rendre au rendez-vous de votre enfant. Veuillez appeler pour annuler votre rendez-vous si vous ne vous sentez pas en s\u00e9curit\u00e9 pour voyager. <\/p>\n<h3>Biens personnels<\/h3>\n<p>Le Centre Inspire n&rsquo;est pas responsable de la perte d&rsquo;objets personnels pendant que vous \u00eates sur la propri\u00e9t\u00e9 du Centre Inspire. Veuillez-vous assurer de garder vos objets de valeur avec vous en tout temps. <\/p>\n<\/div>\n<\/div><\/div><\/div><div class=\"fusion-panel panel-default panel-eef5d9aa7dfa636c6 fusion-toggle-no-divider fusion-toggle-boxed-mode\" style=\"--awb-title-color:var(--awb-color7);--awb-content-color:var(--awb-color7);\"><div class=\"panel-heading\"><h2 class=\"panel-title toggle\" id=\"toggle_eef5d9aa7dfa636c6\"><a aria-expanded=\"false\" aria-controls=\"eef5d9aa7dfa636c6\" role=\"button\" data-toggle=\"collapse\" data-target=\"#eef5d9aa7dfa636c6\" href=\"#eef5d9aa7dfa636c6\"><span class=\"fusion-toggle-icon-wrapper\" aria-hidden=\"true\"><i class=\"fa-fusion-box active-icon awb-icon-minus\" aria-hidden=\"true\"><\/i><i class=\"fa-fusion-box inactive-icon awb-icon-plus\" aria-hidden=\"true\"><\/i><\/span><span class=\"fusion-toggle-heading\">Processus de cong\u00e9 et de transition<\/span><\/a><\/h2><\/div><div id=\"eef5d9aa7dfa636c6\" class=\"panel-collapse collapse \" aria-labelledby=\"toggle_eef5d9aa7dfa636c6\"><div class=\"panel-body toggle-content fusion-clearfix\">\n<div class=\"elementor-column elementor-col-50 elementor-inner-column elementor-element elementor-element-2daa310\" data-id=\"2daa310\" data-element_type=\"column\">\n<p>La transition ou le cong\u00e9 de service d&rsquo;un enfant sont une composante naturelle de son parcours de soins. Notre objectif est de nous assurer que les familles et les principaux aidants et aidantes sont pleinement impliqu\u00e9s et disposent de toutes les informations n\u00e9cessaires pendant ce processus. Vous serez toujours inform\u00e9 de tout plan li\u00e9 aux services de votre enfant.<\/p>\n<p>Parfois, les enfants peuvent avoir besoin de soutien \u00e0 nouveau lorsque leurs besoins ou circonstances changent, et ils peuvent \u00eatre r\u00e9orient\u00e9s pour des services lorsque n\u00e9cessaire. Si votre enfant a re\u00e7u cong\u00e9 d&rsquo;un service particulier en raison de politiques de fr\u00e9quentation ou d&rsquo;annulation, il sera replac\u00e9 sur la liste d&rsquo;attente r\u00e9guli\u00e8re si une nouvelle orientation est faite.<\/p>\n<p><strong>Nous sommes l\u00e0 pour vous soutenir \u00e0 chaque \u00e9tape.<\/strong><\/p>\n<\/div>\n<\/div><\/div><\/div><\/div><\/div><\/div><\/div><\/div><\/div><div class=\"fusion-fullwidth fullwidth-box fusion-builder-row-2 fusion-flex-container has-pattern-background has-mask-background nonhundred-percent-fullwidth non-hundred-percent-height-scrolling\" style=\"--awb-border-radius-top-left:0px;--awb-border-radius-top-right:0px;--awb-border-radius-bottom-right:0px;--awb-border-radius-bottom-left:0px;--awb-padding-top:40px;--awb-padding-bottom:15px;--awb-padding-top-small:40px;--awb-margin-top:0px;--awb-background-color:var(--awb-color8);--awb-flex-wrap:wrap;\" id=\"newsletter\" ><div class=\"fusion-builder-row fusion-row fusion-flex-align-items-flex-start fusion-flex-content-wrap\" style=\"max-width:1435.2px;margin-left: calc(-4% \/ 2 );margin-right: calc(-4% \/ 2 );\"><div class=\"fusion-layout-column fusion_builder_column fusion-builder-column-1 fusion_builder_column_1_1 1_1 fusion-flex-column\" style=\"--awb-bg-size:cover;--awb-width-large:100%;--awb-margin-top-large:0px;--awb-spacing-right-large:1.92%;--awb-margin-bottom-large:0px;--awb-spacing-left-large:1.92%;--awb-width-medium:100%;--awb-order-medium:0;--awb-spacing-right-medium:1.92%;--awb-spacing-left-medium:1.92%;--awb-width-small:100%;--awb-order-small:0;--awb-spacing-right-small:1.92%;--awb-spacing-left-small:1.92%;\"><div class=\"fusion-column-wrapper fusion-column-has-shadow fusion-flex-justify-content-flex-start fusion-content-layout-column\"><div class=\"fusion-title title fusion-title-1 fusion-sep-none fusion-title-center fusion-title-text fusion-title-size-two\" style=\"--awb-text-color:var(--awb-color1);--awb-margin-top-small:10px;--awb-margin-bottom-small:10px;--awb-font-size:30px;\"><h2 class=\"fusion-title-heading title-heading-center fusion-responsive-typography-calculated\" style=\"margin:0;font-size:1em;--fontSize:30;line-height:var(--awb-typography1-line-height);\">Restez connect\u00e9s, suivez notre infolettre!<\/h2><\/div><div class=\"fusion-form fusion-form-builder fusion-form-form-wrapper fusion-form-9113 has-icon-alignment\" style=\"--awb-margin-bottom:25px;--awb-tooltip-text-color:#ffffff;--awb-tooltip-background-color:#333333;--awb-field-margin-top:0px;--awb-field-margin-bottom:15px;--awb-form-placeholder-color:hsla(var(--awb-color6-h),var(--awb-color6-s),var(--awb-color6-l),calc(var(--awb-color6-a) - 50%));--awb-form-text-color:var(--awb-color6);--awb-form-label-color:var(--awb-color7);--awb-form-border-width-top:0px;--awb-form-border-width-bottom:0px;--awb-form-border-width-right:0px;--awb-form-border-width-left:0px;--awb-form-border-color:rgba(0,94,99,0);--awb-form-focus-border-color:rgba(182,0,106,0.7);--awb-form-focus-border-hover-color:rgba(182,0,106,0.5);--awb-icon-alignment-top:0px;--awb-icon-alignment-bottom:0px;--awb-icon-alignment-font-size:1em;\" data-form-id=\"9113\" data-config=\"{&quot;form_id&quot;:9113,&quot;form_post_id&quot;:9113,&quot;post_id&quot;:8801,&quot;form_type&quot;:&quot;ajax&quot;,&quot;confirmation_type&quot;:&quot;message&quot;,&quot;redirect_url&quot;:&quot;&quot;,&quot;redirect_timeout&quot;:&quot;0&quot;,&quot;field_labels&quot;:{&quot;name&quot;:&quot;&quot;,&quot;email&quot;:&quot;&quot;},&quot;field_logics&quot;:{&quot;name&quot;:&quot;&quot;,&quot;email&quot;:&quot;&quot;,&quot;submit_1&quot;:&quot;&quot;,&quot;notice_1&quot;:&quot;&quot;},&quot;field_types&quot;:{&quot;name&quot;:&quot;text&quot;,&quot;email&quot;:&quot;email&quot;,&quot;submit_1&quot;:&quot;submit&quot;,&quot;notice_1&quot;:&quot;notice&quot;,&quot;recaptcha_1&quot;:&quot;recaptcha&quot;},&quot;nonce_method&quot;:&quot;ajax&quot;,&quot;form_views&quot;:&quot;ajax&quot;,&quot;form_views_counting&quot;:&quot;all&quot;}\"><form action=\"https:\/\/inspirecentre.ca\/fr\/ressources-familiales\/premier-rendez-vous\/\" method=\"post\" class=\"fusion-form fusion-form-9113\"><div class=\"fusion-fullwidth fullwidth-box fusion-builder-row-2-1 fusion-flex-container has-pattern-background has-mask-background nonhundred-percent-fullwidth non-hundred-percent-height-scrolling\" style=\"--awb-border-radius-top-left:0px;--awb-border-radius-top-right:0px;--awb-border-radius-bottom-right:0px;--awb-border-radius-bottom-left:0px;--awb-padding-top:0px;--awb-padding-right:0px;--awb-padding-bottom:0px;--awb-padding-left:0px;--awb-margin-top:20px;--awb-margin-bottom:0px;--awb-flex-wrap:wrap;\" ><div class=\"fusion-builder-row fusion-row fusion-flex-align-items-flex-start fusion-flex-content-wrap\" style=\"width:103% !important;max-width:103% !important;margin-left: calc(-3% \/ 2 );margin-right: calc(-3% \/ 2 );\"><div class=\"fusion-layout-column fusion_builder_column fusion-builder-column-2 fusion_builder_column_1_3 1_3 fusion-flex-column\" style=\"--awb-bg-size:cover;--awb-width-large:33.333333333333%;--awb-flex-grow:0;--awb-flex-shrink:0;--awb-margin-top-large:0px;--awb-spacing-right-large:4.365%;--awb-margin-bottom-large:0px;--awb-spacing-left-large:4.365%;--awb-width-medium:33.333333333333%;--awb-order-medium:0;--awb-flex-grow-medium:0;--awb-flex-shrink-medium:0;--awb-spacing-right-medium:4.365%;--awb-spacing-left-medium:4.365%;--awb-width-small:100%;--awb-order-small:0;--awb-flex-grow-small:0;--awb-flex-shrink-small:0;--awb-spacing-right-small:1.455%;--awb-spacing-left-small:1.455%;\"><div class=\"fusion-column-wrapper fusion-column-has-shadow fusion-flex-justify-content-flex-start fusion-content-layout-column\"><div class=\"fusion-form-field fusion-form-text-field fusion-form-label-above\" style=\"\" data-form-id=\"9113\"><div class=\"fusion-form-input-with-icon\"><i class=\"awb-form-icon fa-address-book fas\"><\/i><input type=\"text\" autocomplete=\"off\" name=\"name\" id=\"name\" value=\"\"  class=\"fusion-form-input\" required=\"true\" aria-required=\"true\" placeholder=\"Nom... *\" data-holds-private-data=\"false\" minlength=\"0\"\/><\/div><\/div><\/div><\/div><div class=\"fusion-layout-column fusion_builder_column fusion-builder-column-3 fusion_builder_column_1_3 1_3 fusion-flex-column\" style=\"--awb-bg-size:cover;--awb-width-large:33.333333333333%;--awb-flex-grow:0;--awb-flex-shrink:0;--awb-margin-top-large:0px;--awb-spacing-right-large:4.365%;--awb-margin-bottom-large:0px;--awb-spacing-left-large:4.365%;--awb-width-medium:33.333333333333%;--awb-order-medium:0;--awb-flex-grow-medium:0;--awb-flex-shrink-medium:0;--awb-spacing-right-medium:4.365%;--awb-spacing-left-medium:4.365%;--awb-width-small:100%;--awb-order-small:0;--awb-flex-grow-small:0;--awb-flex-shrink-small:0;--awb-spacing-right-small:1.455%;--awb-spacing-left-small:1.455%;\"><div class=\"fusion-column-wrapper fusion-column-has-shadow fusion-flex-justify-content-flex-start fusion-content-layout-column\"><div class=\"fusion-form-field fusion-form-email-field fusion-form-label-above\" style=\"\" data-form-id=\"9113\"><div class=\"fusion-form-input-with-icon\"><i class=\"awb-form-icon fa-at fas\"><\/i><input type=\"email\" autocomplete=\"off\" name=\"email\" id=\"email\" value=\"\"  class=\"fusion-form-input\" required=\"true\" aria-required=\"true\" placeholder=\"Adresse de courriel... *\" data-holds-private-data=\"false\"\/><\/div><\/div><\/div><\/div><div class=\"fusion-layout-column fusion_builder_column fusion-builder-column-4 fusion_builder_column_1_3 1_3 fusion-flex-column\" style=\"--awb-bg-size:cover;--awb-width-large:33.333333333333%;--awb-flex-grow:0;--awb-flex-shrink:0;--awb-margin-top-large:0px;--awb-spacing-right-large:4.365%;--awb-margin-bottom-large:0px;--awb-spacing-left-large:4.365%;--awb-width-medium:33.333333333333%;--awb-order-medium:0;--awb-flex-grow-medium:0;--awb-flex-shrink-medium:0;--awb-spacing-right-medium:4.365%;--awb-spacing-left-medium:4.365%;--awb-width-small:100%;--awb-order-small:0;--awb-flex-grow-small:0;--awb-flex-shrink-small:0;--awb-margin-top-small:20px;--awb-spacing-right-small:1.455%;--awb-spacing-left-small:1.455%;\" data-scroll-devices=\"small-visibility,medium-visibility,large-visibility\"><div class=\"fusion-column-wrapper fusion-column-has-shadow fusion-flex-justify-content-flex-start fusion-content-layout-column\"><div class=\"fusion-form-field fusion-form-submit-field fusion-form-label-above\" style=\"\" data-form-id=\"9113\"><div ><button type=\"submit\" class=\"fusion-button button-flat button-xlarge button-custom fusion-button-default button-1 fusion-button-span-yes  button-default form-form-submit\" style=\"--button_accent_color:var(--awb-color8);--button_accent_hover_color:var(--awb-color1);--button_border_hover_color:var(--awb-color1);--button_gradient_top_color:var(--awb-color1);--button_gradient_bottom_color:var(--awb-color1);--button_gradient_top_color_hover:var(--awb-color4);--button_gradient_bottom_color_hover:var(--awb-color4);\" data-form-number=\"9113\" tabindex=\"\"><span class=\"fusion-button-text awb-button__text awb-button__text--default\">Abonnez-vous<\/span><\/button><\/div><\/div><\/div><\/div><div class=\"fusion-layout-column fusion_builder_column fusion-builder-column-5 fusion_builder_column_1_1 1_1 fusion-flex-column\" style=\"--awb-bg-size:cover;--awb-width-large:100%;--awb-flex-grow:0;--awb-flex-shrink:0;--awb-margin-top-large:0px;--awb-spacing-right-large:1.455%;--awb-margin-bottom-large:0px;--awb-spacing-left-large:1.455%;--awb-width-medium:100%;--awb-order-medium:0;--awb-flex-grow-medium:0;--awb-flex-shrink-medium:0;--awb-spacing-right-medium:1.455%;--awb-spacing-left-medium:1.455%;--awb-width-small:100%;--awb-order-small:0;--awb-flex-grow-small:0;--awb-flex-shrink-small:0;--awb-spacing-right-small:1.455%;--awb-spacing-left-small:1.455%;\"><div class=\"fusion-column-wrapper fusion-column-has-shadow fusion-flex-justify-content-flex-start fusion-content-layout-column\"><div class=\"form-submission-notices data-notice_1\" id=\"fusion-notices-1\" data-instance=\"1\"><div class=\"fusion-alert alert success alert-success fusion-alert-center fusion-form-response fusion-form-response-success awb-alert-native-link-color alert-dismissable awb-alert-close-boxed\" role=\"alert\"><div class=\"fusion-alert-content-wrapper\"><span class=\"alert-icon\"><i class=\"awb-icon-check-circle\" aria-hidden=\"true\"><\/i><\/span><span class=\"fusion-alert-content\">Thank you for your message. It has been sent.<\/span><\/div><button type=\"button\" class=\"close toggle-alert\" data-dismiss=\"alert\" aria-label=\"Close\">&times;<\/button><\/div><div class=\"fusion-alert alert error alert-danger fusion-alert-center fusion-form-response fusion-form-response-error awb-alert-native-link-color alert-dismissable awb-alert-close-boxed\" role=\"alert\"><div class=\"fusion-alert-content-wrapper\"><span class=\"alert-icon\"><i class=\"awb-icon-exclamation-triangle\" aria-hidden=\"true\"><\/i><\/span><span class=\"fusion-alert-content\">There was an error trying to send your message. Please try again later.<\/span><\/div><button type=\"button\" class=\"close toggle-alert\" data-dismiss=\"alert\" aria-label=\"Close\">&times;<\/button><\/div><\/div><div class=\"fusion-form-field fusion-form-recaptcha-field fusion-form-label-above\" style=\"\" data-form-id=\"9113\">\t\t\t\t<div class=\"form-creator-recaptcha\" >\n\t\t\t\t\t\t\t\t\t\t\t\t\t\t\t\t\t\t\t\t\t\t\t\t<div\n\t\t\t\t\t\t\tid=\"g-recaptcha-id-form-9113\"\n\t\t\t\t\t\t\tclass=\"fusion-form-recaptcha-v3 recaptcha-container  fusion-form-hide-recaptcha-badge\"\n\t\t\t\t\t\t\tdata-sitekey=\"6LfZmR8rAAAAANOTBNsmsec6c232jT6eY_vtR5dN\"\n\t\t\t\t\t\t\tdata-badge=\"hide\">\n\t\t\t\t\t\t<\/div>\n\t\t\t\t\t\t<input\n\t\t\t\t\t\t\ttype=\"hidden\"\n\t\t\t\t\t\t\tname=\"fusion-form-recaptcha-response\"\n\t\t\t\t\t\t\tclass=\"g-recaptcha-response\"\n\t\t\t\t\t\t\tid=\"fusion-form-recaptcha-response-9113\"\n\t\t\t\t\t\t\tvalue=\"\">\n\t\t\t\t\t\t\t\t\t\t\t\t\t\t\t<\/div>\n\t\t\t\t<\/div><\/div><\/div><\/div><\/div><input type=\"hidden\" name=\"fusion_privacy_expiration_interval\" value=\"48\"><input type=\"hidden\" name=\"privacy_expiration_action\" value=\"anonymize\"><\/form><\/div><\/div><\/div><\/div><\/div>\n<\/p>\n","protected":false},"excerpt":{"rendered":"","protected":false},"author":1,"featured_media":0,"parent":9015,"menu_order":14,"comment_status":"closed","ping_status":"closed","template":"100-width.php","meta":{"_acf_changed":false,"content-type":"","footnotes":""},"class_list":["post-8801","page","type-page","status-publish","hentry"],"acf":[],"_links":{"self":[{"href":"https:\/\/inspirecentre.ca\/fr\/wp-json\/wp\/v2\/pages\/8801","targetHints":{"allow":["GET"]}}],"collection":[{"href":"https:\/\/inspirecentre.ca\/fr\/wp-json\/wp\/v2\/pages"}],"about":[{"href":"https:\/\/inspirecentre.ca\/fr\/wp-json\/wp\/v2\/types\/page"}],"author":[{"embeddable":true,"href":"https:\/\/inspirecentre.ca\/fr\/wp-json\/wp\/v2\/users\/1"}],"replies":[{"embeddable":true,"href":"https:\/\/inspirecentre.ca\/fr\/wp-json\/wp\/v2\/comments?post=8801"}],"version-history":[{"count":5,"href":"https:\/\/inspirecentre.ca\/fr\/wp-json\/wp\/v2\/pages\/8801\/revisions"}],"predecessor-version":[{"id":9083,"href":"https:\/\/inspirecentre.ca\/fr\/wp-json\/wp\/v2\/pages\/8801\/revisions\/9083"}],"up":[{"embeddable":true,"href":"https:\/\/inspirecentre.ca\/fr\/wp-json\/wp\/v2\/pages\/9015"}],"wp:attachment":[{"href":"https:\/\/inspirecentre.ca\/fr\/wp-json\/wp\/v2\/media?parent=8801"}],"curies":[{"name":"wp","href":"https:\/\/api.w.org\/{rel}","templated":true}]}}