{"id":8815,"date":"2025-03-11T10:45:47","date_gmt":"2025-03-11T14:45:47","guid":{"rendered":"https:\/\/inspirecentre.ca\/ressources\/"},"modified":"2025-04-23T16:11:27","modified_gmt":"2025-04-23T20:11:27","slug":"ressources","status":"publish","type":"page","link":"https:\/\/inspirecentre.ca\/fr\/ressources-familiales\/ressources\/","title":{"rendered":"Ressources"},"content":{"rendered":"<p><div class=\"fusion-fullwidth fullwidth-box fusion-builder-row-1 fusion-flex-container has-pattern-background has-mask-background nonhundred-percent-fullwidth non-hundred-percent-height-scrolling\" style=\"--awb-border-sizes-top:0px;--awb-border-sizes-bottom:0px;--awb-border-sizes-left:0px;--awb-border-sizes-right:0px;--awb-border-radius-top-left:0px;--awb-border-radius-top-right:0px;--awb-border-radius-bottom-right:0px;--awb-border-radius-bottom-left:0px;--awb-padding-top:30px;--awb-padding-right:30px;--awb-padding-bottom:80px;--awb-padding-left:30px;--awb-padding-top-medium:0px;--awb-padding-right-small:60px;--awb-padding-left-small:60px;--awb-margin-top:0px;--awb-margin-bottom:0px;--awb-background-color:#ffffff;--awb-flex-wrap:wrap;\" ><div class=\"fusion-builder-row fusion-row fusion-flex-align-items-center fusion-flex-content-wrap\" style=\"max-width:1435.2px;margin-left: calc(-4% \/ 2 );margin-right: calc(-4% \/ 2 );\"><div class=\"fusion-layout-column fusion_builder_column fusion-builder-column-0 fusion_builder_column_1_1 1_1 fusion-flex-column\" style=\"--awb-bg-size:cover;--awb-width-large:100%;--awb-margin-top-large:0px;--awb-spacing-right-large:0px;--awb-margin-bottom-large:20px;--awb-spacing-left-large:0px;--awb-width-medium:100%;--awb-order-medium:0;--awb-spacing-right-medium:0px;--awb-spacing-left-medium:0px;--awb-width-small:100%;--awb-order-small:0;--awb-spacing-right-small:1.92%;--awb-spacing-left-small:1.92%;\" data-scroll-devices=\"small-visibility,medium-visibility,large-visibility\"><div class=\"fusion-column-wrapper fusion-column-has-shadow fusion-flex-justify-content-flex-start fusion-content-layout-column\"><div class=\"accordian fusion-accordian\" style=\"--awb-padding-top:15px;--awb-padding-bottom:15px;--awb-border-size:1px;--awb-icon-size:18px;--awb-content-font-size:19px;--awb-icon-alignment:left;--awb-hover-color:var(--awb-color2);--awb-border-color:var(--awb-color3);--awb-background-color:var(--awb-color2);--awb-divider-color:var(--awb-color3);--awb-divider-hover-color:var(--awb-color3);--awb-icon-color:var(--awb-color1);--awb-title-color:var(--awb-color7);--awb-content-color:var(--awb-color7);--awb-icon-box-color:var(--awb-color6);--awb-toggle-hover-accent-color:var(--awb-color4);--awb-title-font-family:&quot;Jost&quot;;--awb-title-font-weight:600;--awb-title-font-style:normal;--awb-content-font-family:&quot;Roboto&quot;;--awb-content-font-style:normal;--awb-content-font-weight:400;\"><div class=\"panel-group fusion-toggle-icon-boxed\" id=\"accordion-8815-1\"><div class=\"fusion-panel panel-default panel-73b6139fb3c9b6916 fusion-toggle-no-divider fusion-toggle-boxed-mode\" style=\"--awb-title-color:var(--awb-color7);--awb-content-color:var(--awb-color7);\"><div class=\"panel-heading\"><h2 class=\"panel-title toggle\" id=\"toggle_73b6139fb3c9b6916\"><a class=\"active\" aria-expanded=\"true\" aria-controls=\"73b6139fb3c9b6916\" role=\"button\" data-toggle=\"collapse\" data-target=\"#73b6139fb3c9b6916\" href=\"#73b6139fb3c9b6916\"><span class=\"fusion-toggle-icon-wrapper\" aria-hidden=\"true\"><i class=\"fa-fusion-box active-icon awb-icon-minus\" aria-hidden=\"true\"><\/i><i class=\"fa-fusion-box inactive-icon awb-icon-plus\" aria-hidden=\"true\"><\/i><\/span><span class=\"fusion-toggle-heading\">Ressources<\/span><\/a><\/h2><\/div><div id=\"73b6139fb3c9b6916\" class=\"panel-collapse collapse in\" aria-labelledby=\"toggle_73b6139fb3c9b6916\"><div class=\"panel-body toggle-content fusion-clearfix\">\n<div class=\"elementor-column elementor-col-50 elementor-inner-column elementor-element elementor-element-2daa310\" data-id=\"2daa310\" data-element_type=\"column\">\n<h3>Comment rechercher des informations :<\/h3>\n<p>Les familles et les principaux aidants et aidantes utilisent souvent Internet comme un outil cl\u00e9 pour se tenir inform\u00e9s sur l&rsquo;\u00e9tat de sant\u00e9 de leur enfant, les traitements et les services qui pourraient \u00eatre disponibles pour leur enfant et leur famille\/tuteur et\/ou leurs droits l\u00e9gaux. Les parents cherchent souvent des conseils et du soutien aupr\u00e8s de groupes de r\u00e9seautage en ligne et de forums, et cela peut aider \u00e0 fa\u00e7onner vos plans pour faire en sorte que votre enfant et votre famille\/tuteur obtiennent le soutien n\u00e9cessaire. Vous devez toujours vous rappeler que, bien qu&rsquo;Internet soit une excellente source d&rsquo;informations, un grand nombre de ces renseignements sont obsol\u00e8tes, peu fiables ou incorrectes.  <\/p>\n<h4>Pour tirer le meilleur parti de ces recherches, voici quelques suggestions :<\/h4>\n<ul>\n<li>Si possible, demandez \u00e0 votre m\u00e9decin ou \u00e0 l&rsquo;un des th\u00e9rapeutes de votre enfant une liste de sites web fiables et pertinents \u00e0 visiter.<\/li>\n<li>Utilisez toujours plus d&rsquo;un site web pour obtenir des informations \u00e9quilibr\u00e9es et v\u00e9rifier les informations.<\/li>\n<li>V\u00e9rifiez la source de l&rsquo;information.<\/li>\n<li>Plut\u00f4t que de faire une recherche g\u00e9n\u00e9rale sur un sujet, commencez par des sites web \u00e9tablis par le gouvernement ou des institutions reconnues (par exemple, universit\u00e9s, h\u00f4pitaux).<\/li>\n<li>V\u00e9rifiez la politique de confidentialit\u00e9 du site web \u2013 quelles informations sur vous recueillent-ils et si vous donnez des informations personnelles, que font-ils avec ces donn\u00e9es?<\/li>\n<li>Faites attention \u00e0 ne pas croire les promesses de cures miraculeuses, de m\u00e9dicaments miracles et autres d\u00e9clarations extr\u00eames, \u00e0 moins qu&rsquo;il y ait une preuve fiable de ces affirmations.<\/li>\n<li>Ne traitez jamais l&rsquo;information trouv\u00e9e sur Internet, dans un livre ou ailleurs comme un conseil m\u00e9dical.<\/li>\n<\/ul>\n<\/div>\n<\/div><\/div><\/div><\/div><\/div><div class=\"fusion-title title fusion-title-1 fusion-sep-none fusion-title-center fusion-title-text fusion-title-size-three\" style=\"--awb-margin-top:50px;--awb-margin-bottom:30px;--awb-margin-top-small:10px;--awb-margin-bottom-small:10px;\"><h3 class=\"fusion-title-heading title-heading-center fusion-responsive-typography-calculated\" style=\"margin:0;--fontSize:30;line-height:var(--awb-typography1-line-height);\">Seul un professionnel de la sant\u00e9 peut vous donner des conseils m\u00e9dicaux apr\u00e8s avoir consult\u00e9 avec vous et obtenu des d\u00e9tails sur l&rsquo;\u00e9tat de votre enfant.<\/h3><\/div><div class=\"fusion-title title fusion-title-2 fusion-sep-none fusion-title-center fusion-title-text fusion-title-size-four\" style=\"--awb-text-color:var(--awb-color8);--awb-margin-top:30px;--awb-margin-bottom:25px;--awb-margin-top-small:10px;--awb-margin-bottom-small:10px;\"><h4 class=\"fusion-title-heading title-heading-center fusion-responsive-typography-calculated\" style=\"margin:0;--fontSize:25;--minFontSize:25;line-height:var(--awb-typography1-line-height);\">Quelques bons endroits pour commencer :<\/h4><\/div><div class=\"fusion-content-boxes content-boxes columns row fusion-columns-3 fusion-columns-total-3 fusion-content-boxes-1 content-boxes-icon-on-top content-left has-flex-alignment\" style=\"--awb-backgroundcolor:var(--awb-color2);--awb-alignment:stretch;--awb-body-color:var(--awb-color7);--awb-hover-accent-color:var(--awb-color4);--awb-circle-hover-accent-color:var(--awb-color4);\" data-animationOffset=\"top-into-view\"><div style=\"--awb-backgroundcolor:var(--awb-color2);\" class=\"fusion-column content-box-column content-box-column content-box-column-1 col-lg-4 col-md-4 col-sm-4 fusion-content-box-hover content-box-column-first-in-row\"><div class=\"col content-box-wrapper content-wrapper-background link-area-box link-type-button-bar content-icon-wrapper-yes icon-hover-animation-slide fusion-animated\" data-link=\"https:\/\/canchild.ca\/\" data-link-target=\"_blank\" data-animationType=\"slideInLeft\" data-animationDuration=\"0.3\" data-animationOffset=\"top-into-view\"><div class=\"heading heading-with-icon icon-left\"><a class=\"heading-link\" href=\"https:\/\/canchild.ca\/\" target=\"_blank\" rel=\"noopener noreferrer\"><div aria-hidden=\"true\" class=\"image\"><img decoding=\"async\" class=\"lazyload\" src=\"data:image\/svg+xml,%3Csvg%20xmlns%3D%27http%3A%2F%2Fwww.w3.org%2F2000%2Fsvg%27%20width%3D%27751%27%20height%3D%27216%27%20viewBox%3D%270%200%20751%20216%27%3E%3Crect%20width%3D%27751%27%20height%3D%27216%27%20fill-opacity%3D%220%22%2F%3E%3C%2Fsvg%3E\" data-orig-src=\"https:\/\/inspirecentre.ca\/wp-content\/uploads\/2025\/03\/CanChild-logo-primary-e1699489449397-300x86.png\" width=\"300\" height=\"86\" alt=\"\" title=\"\"><\/div><h2 class=\"content-box-heading fusion-responsive-typography-calculated\" style=\"--h2_typography-font-size:22px;--fontSize:22;line-height:var(--awb-typography1-line-height);\">CanChild<\/h2><\/a><\/div><div class=\"fusion-clearfix\"><\/div><div class=\"content-container\">\n<p style=\"text-align: center;\">Un centre de recherche d\u00e9di\u00e9 \u00e0 g\u00e9n\u00e9rer des connaissances et \u00e0 transformer la vie des enfants et des jeunes atteints de conditions de d\u00e9veloppement ainsi que celle de leurs familles.<\/p>\n<\/div><div class=\"fusion-clearfix\"><\/div><a class=\" fusion-read-more fusion-button-bar\" href=\"https:\/\/canchild.ca\/\" target=\"_blank\" rel=\"noopener noreferrer\">VOIR<\/a><div class=\"fusion-clearfix\"><\/div><\/div><\/div><div style=\"--awb-backgroundcolor:var(--awb-color2);\" class=\"fusion-column content-box-column content-box-column content-box-column-2 col-lg-4 col-md-4 col-sm-4 fusion-content-box-hover \"><div class=\"col content-box-wrapper content-wrapper-background link-area-box link-type-button-bar content-icon-wrapper-yes icon-hover-animation-slide fusion-animated\" data-link=\"https:\/\/www.autismontario.com\/\" data-link-target=\"_blank\" data-animationType=\"slideInLeft\" data-animationDuration=\"0.3\" data-animationOffset=\"top-into-view\"><div class=\"heading heading-with-icon icon-left\"><a class=\"heading-link\" href=\"https:\/\/www.autismontario.com\/\" target=\"_blank\" rel=\"noopener noreferrer\"><div aria-hidden=\"true\" class=\"image\"><img decoding=\"async\" class=\"lazyload\" src=\"data:image\/svg+xml,%3Csvg%20xmlns%3D%27http%3A%2F%2Fwww.w3.org%2F2000%2Fsvg%27%20width%3D%27958%27%20height%3D%27454%27%20viewBox%3D%270%200%20958%20454%27%3E%3Crect%20width%3D%27958%27%20height%3D%27454%27%20fill-opacity%3D%220%22%2F%3E%3C%2Fsvg%3E\" data-orig-src=\"https:\/\/inspirecentre.ca\/wp-content\/uploads\/2025\/03\/SiteAssets3-e1741295930405-300x142.png\" width=\"300\" height=\"142\" alt=\"\" title=\"\"><\/div><h2 class=\"content-box-heading fusion-responsive-typography-calculated\" style=\"--h2_typography-font-size:22px;--fontSize:22;line-height:var(--awb-typography1-line-height);\">Autisme Ontario<\/h2><\/a><\/div><div class=\"fusion-clearfix\"><\/div><div class=\"content-container\">\n<p style=\"text-align: center;\">Autisme Ontario est une organisation caritative avec une histoire de plus de 50 ans, repr\u00e9sentant les milliers de personnes sur le spectre de l&rsquo;autisme et leurs familles \u00e0 travers l&rsquo;Ontario.<\/p>\n<\/div><div class=\"fusion-clearfix\"><\/div><a class=\" fusion-read-more fusion-button-bar\" href=\"https:\/\/www.autismontario.com\/\" target=\"_blank\" rel=\"noopener noreferrer\">VOIR<\/a><div class=\"fusion-clearfix\"><\/div><\/div><\/div><div style=\"--awb-backgroundcolor:var(--awb-color2);\" class=\"fusion-column content-box-column content-box-column content-box-column-3 col-lg-4 col-md-4 col-sm-4 fusion-content-box-hover content-box-column-last content-box-column-last-in-row\"><div class=\"col content-box-wrapper content-wrapper-background link-area-box link-type-button-bar content-icon-wrapper-yes icon-hover-animation-slide fusion-animated\" data-link=\"https:\/\/www.empoweredkidsontario.ca\/\" data-link-target=\"_blank\" data-animationType=\"slideInLeft\" data-animationDuration=\"0.3\" data-animationOffset=\"top-into-view\"><div class=\"heading heading-with-icon icon-left\"><a class=\"heading-link\" href=\"https:\/\/www.empoweredkidsontario.ca\/\" target=\"_blank\" rel=\"noopener noreferrer\"><div aria-hidden=\"true\" class=\"image\"><img decoding=\"async\" class=\"lazyload\" src=\"data:image\/svg+xml,%3Csvg%20xmlns%3D%27http%3A%2F%2Fwww.w3.org%2F2000%2Fsvg%27%20width%3D%27955%27%20height%3D%27500%27%20viewBox%3D%270%200%20955%20500%27%3E%3Crect%20width%3D%27955%27%20height%3D%27500%27%20fill-opacity%3D%220%22%2F%3E%3C%2Fsvg%3E\" data-orig-src=\"https:\/\/inspirecentre.ca\/wp-content\/uploads\/2025\/03\/empowered-300x157.png\" width=\"300\" height=\"157\" alt=\"\" title=\"\"><\/div><h2 class=\"content-box-heading fusion-responsive-typography-calculated\" style=\"--h2_typography-font-size:22px;--fontSize:22;line-height:var(--awb-typography1-line-height);\">Enfants Avenir Ontario<\/h2><\/a><\/div><div class=\"fusion-clearfix\"><\/div><div class=\"content-container\">\n<p style=\"text-align: center;\">Enfants Avenir Ontario (EAO) repr\u00e9sente le secteur de la sant\u00e9 d\u00e9veloppementale financ\u00e9 par la province de l&rsquo;Ontario &#8211; les centres qui aident les enfants atteints de handicaps et de diff\u00e9rences de d\u00e9veloppement ainsi que leurs familles \u00e0 vivre pleinement leur vie.<\/p>\n<\/div><div class=\"fusion-clearfix\"><\/div><a class=\" fusion-read-more fusion-button-bar\" href=\"https:\/\/www.empoweredkidsontario.ca\/\" target=\"_blank\" rel=\"noopener noreferrer\">VOIR<\/a><div class=\"fusion-clearfix\"><\/div><\/div><\/div><div class=\"fusion-clearfix\"><\/div><\/div><\/div><\/div><\/div><\/div><div class=\"fusion-fullwidth fullwidth-box fusion-builder-row-2 fusion-flex-container has-pattern-background has-mask-background nonhundred-percent-fullwidth non-hundred-percent-height-scrolling\" style=\"--awb-border-radius-top-left:0px;--awb-border-radius-top-right:0px;--awb-border-radius-bottom-right:0px;--awb-border-radius-bottom-left:0px;--awb-padding-top:40px;--awb-padding-bottom:15px;--awb-padding-top-small:40px;--awb-margin-top:0px;--awb-background-color:var(--awb-color8);--awb-flex-wrap:wrap;\" id=\"newsletter\" ><div class=\"fusion-builder-row fusion-row fusion-flex-align-items-flex-start fusion-flex-content-wrap\" style=\"max-width:1435.2px;margin-left: calc(-4% \/ 2 );margin-right: calc(-4% \/ 2 );\"><div class=\"fusion-layout-column fusion_builder_column fusion-builder-column-1 fusion_builder_column_1_1 1_1 fusion-flex-column\" style=\"--awb-bg-size:cover;--awb-width-large:100%;--awb-margin-top-large:0px;--awb-spacing-right-large:1.92%;--awb-margin-bottom-large:0px;--awb-spacing-left-large:1.92%;--awb-width-medium:100%;--awb-order-medium:0;--awb-spacing-right-medium:1.92%;--awb-spacing-left-medium:1.92%;--awb-width-small:100%;--awb-order-small:0;--awb-spacing-right-small:1.92%;--awb-spacing-left-small:1.92%;\"><div class=\"fusion-column-wrapper fusion-column-has-shadow fusion-flex-justify-content-flex-start fusion-content-layout-column\"><div class=\"fusion-title title fusion-title-3 fusion-sep-none fusion-title-center fusion-title-text fusion-title-size-two\" style=\"--awb-text-color:var(--awb-color1);--awb-margin-top-small:10px;--awb-margin-bottom-small:10px;--awb-font-size:30px;\"><h2 class=\"fusion-title-heading title-heading-center fusion-responsive-typography-calculated\" style=\"margin:0;font-size:1em;--fontSize:30;line-height:var(--awb-typography1-line-height);\">Restez connect\u00e9s, suivez notre infolettre!<\/h2><\/div><div class=\"fusion-form fusion-form-builder fusion-form-form-wrapper fusion-form-9113 has-icon-alignment\" style=\"--awb-margin-bottom:25px;--awb-tooltip-text-color:#ffffff;--awb-tooltip-background-color:#333333;--awb-field-margin-top:0px;--awb-field-margin-bottom:15px;--awb-form-placeholder-color:hsla(var(--awb-color6-h),var(--awb-color6-s),var(--awb-color6-l),calc(var(--awb-color6-a) - 50%));--awb-form-text-color:var(--awb-color6);--awb-form-label-color:var(--awb-color7);--awb-form-border-width-top:0px;--awb-form-border-width-bottom:0px;--awb-form-border-width-right:0px;--awb-form-border-width-left:0px;--awb-form-border-color:rgba(0,94,99,0);--awb-form-focus-border-color:rgba(182,0,106,0.7);--awb-form-focus-border-hover-color:rgba(182,0,106,0.5);--awb-icon-alignment-top:0px;--awb-icon-alignment-bottom:0px;--awb-icon-alignment-font-size:1em;\" data-form-id=\"9113\" data-config=\"{&quot;form_id&quot;:9113,&quot;form_post_id&quot;:9113,&quot;post_id&quot;:8815,&quot;form_type&quot;:&quot;ajax&quot;,&quot;confirmation_type&quot;:&quot;message&quot;,&quot;redirect_url&quot;:&quot;&quot;,&quot;redirect_timeout&quot;:&quot;0&quot;,&quot;field_labels&quot;:{&quot;name&quot;:&quot;&quot;,&quot;email&quot;:&quot;&quot;},&quot;field_logics&quot;:{&quot;name&quot;:&quot;&quot;,&quot;email&quot;:&quot;&quot;,&quot;submit_1&quot;:&quot;&quot;,&quot;notice_1&quot;:&quot;&quot;},&quot;field_types&quot;:{&quot;name&quot;:&quot;text&quot;,&quot;email&quot;:&quot;email&quot;,&quot;submit_1&quot;:&quot;submit&quot;,&quot;notice_1&quot;:&quot;notice&quot;,&quot;recaptcha_1&quot;:&quot;recaptcha&quot;},&quot;nonce_method&quot;:&quot;ajax&quot;,&quot;form_views&quot;:&quot;ajax&quot;,&quot;form_views_counting&quot;:&quot;all&quot;}\"><form action=\"https:\/\/inspirecentre.ca\/fr\/ressources-familiales\/ressources\/\" method=\"post\" class=\"fusion-form fusion-form-9113\"><div class=\"fusion-fullwidth fullwidth-box fusion-builder-row-2-1 fusion-flex-container has-pattern-background has-mask-background nonhundred-percent-fullwidth non-hundred-percent-height-scrolling\" style=\"--awb-border-radius-top-left:0px;--awb-border-radius-top-right:0px;--awb-border-radius-bottom-right:0px;--awb-border-radius-bottom-left:0px;--awb-padding-top:0px;--awb-padding-right:0px;--awb-padding-bottom:0px;--awb-padding-left:0px;--awb-margin-top:20px;--awb-margin-bottom:0px;--awb-flex-wrap:wrap;\" ><div class=\"fusion-builder-row fusion-row fusion-flex-align-items-flex-start fusion-flex-content-wrap\" style=\"width:103% !important;max-width:103% !important;margin-left: calc(-3% \/ 2 );margin-right: calc(-3% \/ 2 );\"><div class=\"fusion-layout-column fusion_builder_column fusion-builder-column-2 fusion_builder_column_1_3 1_3 fusion-flex-column\" style=\"--awb-bg-size:cover;--awb-width-large:33.333333333333%;--awb-flex-grow:0;--awb-flex-shrink:0;--awb-margin-top-large:0px;--awb-spacing-right-large:4.365%;--awb-margin-bottom-large:0px;--awb-spacing-left-large:4.365%;--awb-width-medium:33.333333333333%;--awb-order-medium:0;--awb-flex-grow-medium:0;--awb-flex-shrink-medium:0;--awb-spacing-right-medium:4.365%;--awb-spacing-left-medium:4.365%;--awb-width-small:100%;--awb-order-small:0;--awb-flex-grow-small:0;--awb-flex-shrink-small:0;--awb-spacing-right-small:1.455%;--awb-spacing-left-small:1.455%;\"><div class=\"fusion-column-wrapper fusion-column-has-shadow fusion-flex-justify-content-flex-start fusion-content-layout-column\"><div class=\"fusion-form-field fusion-form-text-field fusion-form-label-above\" style=\"\" data-form-id=\"9113\"><div class=\"fusion-form-input-with-icon\"><i class=\"awb-form-icon fa-address-book fas\"><\/i><input type=\"text\" autocomplete=\"off\" name=\"name\" id=\"name\" value=\"\"  class=\"fusion-form-input\" required=\"true\" aria-required=\"true\" placeholder=\"Nom... *\" data-holds-private-data=\"false\" minlength=\"0\"\/><\/div><\/div><\/div><\/div><div class=\"fusion-layout-column fusion_builder_column fusion-builder-column-3 fusion_builder_column_1_3 1_3 fusion-flex-column\" style=\"--awb-bg-size:cover;--awb-width-large:33.333333333333%;--awb-flex-grow:0;--awb-flex-shrink:0;--awb-margin-top-large:0px;--awb-spacing-right-large:4.365%;--awb-margin-bottom-large:0px;--awb-spacing-left-large:4.365%;--awb-width-medium:33.333333333333%;--awb-order-medium:0;--awb-flex-grow-medium:0;--awb-flex-shrink-medium:0;--awb-spacing-right-medium:4.365%;--awb-spacing-left-medium:4.365%;--awb-width-small:100%;--awb-order-small:0;--awb-flex-grow-small:0;--awb-flex-shrink-small:0;--awb-spacing-right-small:1.455%;--awb-spacing-left-small:1.455%;\"><div class=\"fusion-column-wrapper fusion-column-has-shadow fusion-flex-justify-content-flex-start fusion-content-layout-column\"><div class=\"fusion-form-field fusion-form-email-field fusion-form-label-above\" style=\"\" data-form-id=\"9113\"><div class=\"fusion-form-input-with-icon\"><i class=\"awb-form-icon fa-at fas\"><\/i><input type=\"email\" autocomplete=\"off\" name=\"email\" id=\"email\" value=\"\"  class=\"fusion-form-input\" required=\"true\" aria-required=\"true\" placeholder=\"Adresse de courriel... *\" data-holds-private-data=\"false\"\/><\/div><\/div><\/div><\/div><div class=\"fusion-layout-column fusion_builder_column fusion-builder-column-4 fusion_builder_column_1_3 1_3 fusion-flex-column\" style=\"--awb-bg-size:cover;--awb-width-large:33.333333333333%;--awb-flex-grow:0;--awb-flex-shrink:0;--awb-margin-top-large:0px;--awb-spacing-right-large:4.365%;--awb-margin-bottom-large:0px;--awb-spacing-left-large:4.365%;--awb-width-medium:33.333333333333%;--awb-order-medium:0;--awb-flex-grow-medium:0;--awb-flex-shrink-medium:0;--awb-spacing-right-medium:4.365%;--awb-spacing-left-medium:4.365%;--awb-width-small:100%;--awb-order-small:0;--awb-flex-grow-small:0;--awb-flex-shrink-small:0;--awb-margin-top-small:20px;--awb-spacing-right-small:1.455%;--awb-spacing-left-small:1.455%;\" data-scroll-devices=\"small-visibility,medium-visibility,large-visibility\"><div class=\"fusion-column-wrapper fusion-column-has-shadow fusion-flex-justify-content-flex-start fusion-content-layout-column\"><div class=\"fusion-form-field fusion-form-submit-field fusion-form-label-above\" style=\"\" data-form-id=\"9113\"><div ><button type=\"submit\" class=\"fusion-button button-flat button-xlarge button-custom fusion-button-default button-1 fusion-button-span-yes  button-default form-form-submit\" style=\"--button_accent_color:var(--awb-color8);--button_accent_hover_color:var(--awb-color1);--button_border_hover_color:var(--awb-color1);--button_gradient_top_color:var(--awb-color1);--button_gradient_bottom_color:var(--awb-color1);--button_gradient_top_color_hover:var(--awb-color4);--button_gradient_bottom_color_hover:var(--awb-color4);\" data-form-number=\"9113\" tabindex=\"\"><span class=\"fusion-button-text awb-button__text awb-button__text--default\">Abonnez-vous<\/span><\/button><\/div><\/div><\/div><\/div><div class=\"fusion-layout-column fusion_builder_column fusion-builder-column-5 fusion_builder_column_1_1 1_1 fusion-flex-column\" style=\"--awb-bg-size:cover;--awb-width-large:100%;--awb-flex-grow:0;--awb-flex-shrink:0;--awb-margin-top-large:0px;--awb-spacing-right-large:1.455%;--awb-margin-bottom-large:0px;--awb-spacing-left-large:1.455%;--awb-width-medium:100%;--awb-order-medium:0;--awb-flex-grow-medium:0;--awb-flex-shrink-medium:0;--awb-spacing-right-medium:1.455%;--awb-spacing-left-medium:1.455%;--awb-width-small:100%;--awb-order-small:0;--awb-flex-grow-small:0;--awb-flex-shrink-small:0;--awb-spacing-right-small:1.455%;--awb-spacing-left-small:1.455%;\"><div class=\"fusion-column-wrapper fusion-column-has-shadow fusion-flex-justify-content-flex-start fusion-content-layout-column\"><div class=\"form-submission-notices data-notice_1\" id=\"fusion-notices-1\" data-instance=\"1\"><div class=\"fusion-alert alert success alert-success fusion-alert-center fusion-form-response fusion-form-response-success awb-alert-native-link-color alert-dismissable awb-alert-close-boxed\" role=\"alert\"><div class=\"fusion-alert-content-wrapper\"><span class=\"alert-icon\"><i class=\"awb-icon-check-circle\" aria-hidden=\"true\"><\/i><\/span><span class=\"fusion-alert-content\">Thank you for your message. It has been sent.<\/span><\/div><button type=\"button\" class=\"close toggle-alert\" data-dismiss=\"alert\" aria-label=\"Close\">&times;<\/button><\/div><div class=\"fusion-alert alert error alert-danger fusion-alert-center fusion-form-response fusion-form-response-error awb-alert-native-link-color alert-dismissable awb-alert-close-boxed\" role=\"alert\"><div class=\"fusion-alert-content-wrapper\"><span class=\"alert-icon\"><i class=\"awb-icon-exclamation-triangle\" aria-hidden=\"true\"><\/i><\/span><span class=\"fusion-alert-content\">There was an error trying to send your message. Please try again later.<\/span><\/div><button type=\"button\" class=\"close toggle-alert\" data-dismiss=\"alert\" aria-label=\"Close\">&times;<\/button><\/div><\/div><div class=\"fusion-form-field fusion-form-recaptcha-field fusion-form-label-above\" style=\"\" data-form-id=\"9113\">\t\t\t\t<div class=\"form-creator-recaptcha\" >\n\t\t\t\t\t\t\t\t\t\t\t\t\t\t\t\t\t\t\t\t\t\t\t\t<div\n\t\t\t\t\t\t\tid=\"g-recaptcha-id-form-9113\"\n\t\t\t\t\t\t\tclass=\"fusion-form-recaptcha-v3 recaptcha-container  fusion-form-hide-recaptcha-badge\"\n\t\t\t\t\t\t\tdata-sitekey=\"6LfZmR8rAAAAANOTBNsmsec6c232jT6eY_vtR5dN\"\n\t\t\t\t\t\t\tdata-badge=\"hide\">\n\t\t\t\t\t\t<\/div>\n\t\t\t\t\t\t<input\n\t\t\t\t\t\t\ttype=\"hidden\"\n\t\t\t\t\t\t\tname=\"fusion-form-recaptcha-response\"\n\t\t\t\t\t\t\tclass=\"g-recaptcha-response\"\n\t\t\t\t\t\t\tid=\"fusion-form-recaptcha-response-9113\"\n\t\t\t\t\t\t\tvalue=\"\">\n\t\t\t\t\t\t\t\t\t\t\t\t\t\t\t<\/div>\n\t\t\t\t<\/div><\/div><\/div><\/div><\/div><input type=\"hidden\" name=\"fusion_privacy_expiration_interval\" value=\"48\"><input type=\"hidden\" name=\"privacy_expiration_action\" value=\"anonymize\"><\/form><\/div><\/div><\/div><\/div><\/div>\n<\/p>\n","protected":false},"excerpt":{"rendered":"","protected":false},"author":1,"featured_media":0,"parent":9015,"menu_order":17,"comment_status":"closed","ping_status":"closed","template":"100-width.php","meta":{"_acf_changed":false,"content-type":"","footnotes":""},"class_list":["post-8815","page","type-page","status-publish","hentry"],"acf":[],"_links":{"self":[{"href":"https:\/\/inspirecentre.ca\/fr\/wp-json\/wp\/v2\/pages\/8815","targetHints":{"allow":["GET"]}}],"collection":[{"href":"https:\/\/inspirecentre.ca\/fr\/wp-json\/wp\/v2\/pages"}],"about":[{"href":"https:\/\/inspirecentre.ca\/fr\/wp-json\/wp\/v2\/types\/page"}],"author":[{"embeddable":true,"href":"https:\/\/inspirecentre.ca\/fr\/wp-json\/wp\/v2\/users\/1"}],"replies":[{"embeddable":true,"href":"https:\/\/inspirecentre.ca\/fr\/wp-json\/wp\/v2\/comments?post=8815"}],"version-history":[{"count":4,"href":"https:\/\/inspirecentre.ca\/fr\/wp-json\/wp\/v2\/pages\/8815\/revisions"}],"predecessor-version":[{"id":9044,"href":"https:\/\/inspirecentre.ca\/fr\/wp-json\/wp\/v2\/pages\/8815\/revisions\/9044"}],"up":[{"embeddable":true,"href":"https:\/\/inspirecentre.ca\/fr\/wp-json\/wp\/v2\/pages\/9015"}],"wp:attachment":[{"href":"https:\/\/inspirecentre.ca\/fr\/wp-json\/wp\/v2\/media?parent=8815"}],"curies":[{"name":"wp","href":"https:\/\/api.w.org\/{rel}","templated":true}]}}